{"id":1525,"date":"2025-02-19T13:56:31","date_gmt":"2025-02-19T13:56:31","guid":{"rendered":"https:\/\/dev.coworx.ch\/accueil-reconstruction-actualites\/"},"modified":"2026-02-28T16:18:46","modified_gmt":"2026-02-28T16:18:46","slug":"accueil-reconstruction-actualites","status":"publish","type":"page","link":"http:\/\/dev.coworx.ch\/fr\/","title":{"rendered":"\/COWORX &#8211; Espace de coworking au centre de Bienne"},"content":{"rendered":"<div class=\"wpb-content-wrapper\"><p>[vc_row row_type=\u00a0\u00bbparallax\u00a0\u00bb anchor=\u00a0\u00bbcoworking\u00a0\u00bb in_content_menu=\u00a0\u00bbin_content_menu\u00a0\u00bb icon_pack=\u00a0\u00bbfont_awesome\u00a0\u00bb content_menu_fa_icon=\u00a0\u00bb\u00a0\u00bb text_align=\u00a0\u00bbleft\u00a0\u00bb full_screen_section_height=\u00a0\u00bbno\u00a0\u00bb css=\u00a0\u00bb.vc_custom_1581453356936{padding-top: 60px !important;padding-bottom: 90px !important;}\u00a0\u00bb][vc_column css_animation=\u00a0\u00bbfadeIn\u00a0\u00bb css=\u00a0\u00bb.vc_custom_1581201954663{padding-top: 60px !important;padding-bottom: 90px !important;}\u00a0\u00bb][vc_column_text]<\/p>\n<h3 dir=\"auto\" data-heading=\"Unser Space\">Notre espace<\/h3>\n<h4 dir=\"auto\" data-heading=\"Arbeitsplatz im Zentrum von Biel\">Lieu de travail au centre de Bienne<\/h4>\n<p dir=\"auto\">L\u2019espace de coworking se situe au centre de Bienne, \u00e0 50 m de la Place Centrale, au Quai du Haut. En face coule la Suze. Juste \u00e0 c\u00f4t\u00e9 se trouve la Maison Farel avec son bistrot et ses salles de manifestation, proposant une offre culturelle vari\u00e9e.  <\/p>\n<p dir=\"auto\">Nous travaillons dans un vaste et lumineux local commercial.<br \/>\nNotre espace offre une atmosph\u00e8re productive et cr\u00e9ative, permettant de travailler de mani\u00e8re concentr\u00e9e tout en profitant de la ville juste devant la porte.<\/p>\n<p dir=\"auto\">L&rsquo;espace de coworking est divis\u00e9 en plusieurs zones :<\/p>\n<p dir=\"auto\"><strong>B\u00fcro<\/strong><br \/>\nPers\u00f6nliche Arbeitspl\u00e4tze (Fix Desks) und flexible Arbeitsm\u00f6glichkeiten (Flex Desks) mit Blick in die Stadt.<\/p>\n<p dir=\"auto\"><strong>Studio photo<\/strong><br \/>\nUtilis\u00e9 par les photographes, il est \u00e9galement disponible comme espace de cr\u00e9ation et de projet.<\/p>\n<p dir=\"auto\"><strong>Basement<\/strong><br \/>\nGemeinschaftlich genutzter Raum im Untergeschoss (ehemalige Kegelbahn) f\u00fcr Besprechungen und Videocalls.<\/p>\n<p>[\/vc_column_text][\/vc_column][\/vc_row][vc_row row_type=\u00a0\u00bbrow\u00a0\u00bb use_row_as_full_screen_section=\u00a0\u00bbno\u00a0\u00bb type=\u00a0\u00bbfull_width\u00a0\u00bb text_align=\u00a0\u00bbleft\u00a0\u00bb background_animation=\u00a0\u00bbnone\u00a0\u00bb css_animation=\u00a0\u00bb\u00a0\u00bb][vc_column]\n\t\t\t<!-- START Coworking \/COWORX REVOLUTION SLIDER 6.6.20 --><p class=\"rs-p-wp-fix\"><\/p>\n\t\t\t<rs-module-wrap id=\"rev_slider_19_1_wrapper\" data-source=\"gallery\" style=\"visibility:hidden;background:transparent;padding:0;margin:0px auto;margin-top:0;margin-bottom:0;\">\n\t\t\t\t<rs-module id=\"rev_slider_19_1\" style=\"\" data-version=\"6.6.20\">\n\t\t\t\t\t<rs-slides style=\"overflow: hidden; position: absolute;\">\n\t\t\t\t\t\t<rs-slide style=\"position: absolute;\" data-key=\"rs-32\" data-title=\"Infrastruktur\" data-in=\"o:0;\" data-out=\"a:false;\">\n\t\t\t\t\t\t\t<img decoding=\"async\" src=\"\/\/dev.coworx.ch\/wp-content\/plugins\/revslider\/public\/assets\/assets\/dummy.png\" alt=\"Arbeitstische \/COWORX\" title=\"IMG_3918-scaled\" width=\"2560\" height=\"1920\" class=\"rev-slidebg tp-rs-img rs-lazyload\" data-lazyload=\"\/\/dev.coworx.ch\/wp-content\/uploads\/2024\/03\/IMG_3918-scaled.jpeg\" data-bg=\"p:left bottom;\" data-parallax=\"7\" data-no-retina>\n<!---->\t\t\t\t\t\t<\/rs-slide>\n\t\t\t\t\t<\/rs-slides>\n\t\t\t\t<\/rs-module>\n\t\t\t\t<script>\n\t\t\t\t\tsetREVStartSize({c: 'rev_slider_19_1',rl:[1240,1024,778,480],el:[900,768,960,720],gw:[1240,1024,778,480],gh:[900,768,960,720],type:'standard',justify:'',layout:'fullwidth',mh:\"0\"});if (window.RS_MODULES!==undefined && window.RS_MODULES.modules!==undefined && window.RS_MODULES.modules[\"revslider191\"]!==undefined) {window.RS_MODULES.modules[\"revslider191\"].once = false;window.revapi19 = undefined;if (window.RS_MODULES.checkMinimal!==undefined) window.RS_MODULES.checkMinimal()}\n\t\t\t\t<\/script>\n\t\t\t<\/rs-module-wrap>\n\t\t\t<!-- END REVOLUTION SLIDER -->\n[\/vc_column][\/vc_row][vc_row row_type=\u00a0\u00bbparallax\u00a0\u00bb anchor=\u00a0\u00bbangebote\u00a0\u00bb text_align=\u00a0\u00bbleft\u00a0\u00bb full_screen_section_height=\u00a0\u00bbno\u00a0\u00bb css=\u00a0\u00bb.vc_custom_1740055353669{padding-top: 60px !important;padding-bottom: 90px !important;}\u00a0\u00bb][vc_column css_animation=\u00a0\u00bbfadeIn\u00a0\u00bb css=\u00a0\u00bb.vc_custom_1580510316800{border-top-width: 60px !important;padding-bottom: 60px !important;}\u00a0\u00bb][vc_column_text]<\/p>\n<h3>Offres<\/h3>\n<h4>Un mod\u00e8le adapt\u00e9 \u00e0 chaque besoin<\/h4>\n<p>[\/vc_column_text][\/vc_column][\/vc_row][vc_row row_type=\u00a0\u00bbparallax\u00a0\u00bb text_align=\u00a0\u00bbleft\u00a0\u00bb full_screen_section_height=\u00a0\u00bbno\u00a0\u00bb css=\u00a0\u00bb.vc_custom_1758807352845{padding-top: 60px !important;padding-bottom: 90px !important;}\u00a0\u00bb][vc_column css_animation=\u00a0\u00bbfadeIn\u00a0\u00bb css=\u00a0\u00bb.vc_custom_1758807280284{border-top-width: 60px !important;padding-bottom: 60px !important;}\u00a0\u00bb][qode_pricing_tables columns=\u00a0\u00bbfour_columns\u00a0\u00bb][qode_pricing_table title=\u00a0\u00bbAbo DayPass\u00a0\u00bb price_font_weight=\u00a0\u00bb\u00a0\u00bb active=\u00a0\u00bbno\u00a0\u00bb title_color=\u00a0\u00bb#179378&Prime; price=\u00a0\u00bb35&Prime; title_background_color=\u00a0\u00bb#f7f7f7&Prime; currency=\u00a0\u00bbCHF\u00a0\u00bb price_period=\u00a0\u00bb\/jour\u00a0\u00bb content_background_color=\u00a0\u00bb#f7f7f7&Prime;]<\/p>\n<ul>\n<li style=\"text-align: left;\">Tables partag\u00e9es<\/li>\n<li style=\"text-align: left;\">Acc\u00e8s 24h\/24 et 7j\/7<\/li>\n<li style=\"text-align: left;\">Caf\u00e9, th\u00e9 et eau min\u00e9rale inclus<\/li>\n<li style=\"text-align: left;\">Internet haut d\u00e9bit<\/li>\n<li style=\"text-align: left;\">Etag\u00e8re(s)<\/li>\n<li style=\"text-align: left;\">Imprimante laser couleur<\/li>\n<li style=\"text-align: left;\">\u2013<\/li>\n<li style=\"text-align: left;\">CHF 40.00 en paiement unique<\/li>\n<li style=\"text-align: left;\">\u2013<\/li>\n<li style=\"text-align: left;\">\u2013<\/li>\n<\/ul>\n<p><a class=\"own_price_button qbutton price_button\" href=\"#anfrage\">Demandes<\/a>[\/qode_pricing_table][qode_pricing_table title=\u00a0\u00bbAbo FlexDesk\u00a0\u00bb price_font_weight=\u00a0\u00bb\u00a0\u00bb active=\u00a0\u00bbno\u00a0\u00bb title_color=\u00a0\u00bb#179378&Prime; price=\u00a0\u00bb250&Prime; title_background_color=\u00a0\u00bb#f7f7f7&Prime; currency=\u00a0\u00bbCHF\u00a0\u00bb price_period=\u00a0\u00bb\/mois\u00a0\u00bb content_background_color=\u00a0\u00bb#f7f7f7&Prime;]<\/p>\n<ul>\n<li style=\"text-align: left;\">Tables partag\u00e9es<\/li>\n<li style=\"text-align: left;\">Acc\u00e8s 24h\/24 et 7j\/7<\/li>\n<li style=\"text-align: left;\">Caf\u00e9, th\u00e9 et eau min\u00e9rale inclus<\/li>\n<li style=\"text-align: left;\">Internet haut d\u00e9bit<\/li>\n<li style=\"text-align: left;\">Etag\u00e8re(s)<\/li>\n<li style=\"text-align: left;\">Imprimante laser couleur<\/li>\n<li style=\"text-align: left;\">Paiement mensuel*<\/li>\n<li style=\"text-align: left;\">CHF 40.00 en paiement unique<\/li>\n<li style=\"text-align: left;\">\u2013<\/li>\n<li style=\"text-align: left;\">\u2013<\/li>\n<\/ul>\n<p><a class=\"own_price_button qbutton price_button\" href=\"#anfrage\">Demandes<\/a>[\/qode_pricing_table][qode_pricing_table title=\u00a0\u00bbAbo FixDesk\u00a0\u00bb price_font_weight=\u00a0\u00bb\u00a0\u00bb active=\u00a0\u00bbno\u00a0\u00bb title_color=\u00a0\u00bb#179378&Prime; price=\u00a0\u00bb400&Prime; title_background_color=\u00a0\u00bb#f7f7f7&Prime; currency=\u00a0\u00bbCHF\u00a0\u00bb price_period=\u00a0\u00bb\/mois\u00a0\u00bb content_background_color=\u00a0\u00bb#f7f7f7&Prime;]<\/p>\n<ul>\n<li style=\"text-align: left;\">Eigener Tisch 2x1m<\/li>\n<li style=\"text-align: left;\">Acc\u00e8s 24h\/24 et 7j\/7<\/li>\n<li style=\"text-align: left;\">Caf\u00e9, th\u00e9 et eau min\u00e9rale inclus<\/li>\n<li style=\"text-align: left;\">Internet haut d\u00e9bit<\/li>\n<li style=\"text-align: left;\">Etag\u00e8re(s)<\/li>\n<li style=\"text-align: left;\">Imprimante laser couleur<\/li>\n<li style=\"text-align: left;\">Paiement mensuel*<\/li>\n<li style=\"text-align: left;\">CHF 40.00 en paiement unique<\/li>\n<li style=\"text-align: left;\">\u2013<\/li>\n<li style=\"text-align: left;\">\u2013<\/li>\n<\/ul>\n<p><a class=\"own_price_button qbutton price_button\" href=\"#anfrage\">Demandes<\/a>[\/qode_pricing_table][qode_pricing_table title=\u00a0\u00bbAbo Fotografie\u00a0\u00bb price_font_weight=\u00a0\u00bb\u00a0\u00bb active=\u00a0\u00bbno\u00a0\u00bb title_color=\u00a0\u00bb#179378&Prime; price=\u00a0\u00bb700&Prime; title_background_color=\u00a0\u00bb#f7f7f7&Prime; currency=\u00a0\u00bbCHF\u00a0\u00bb price_period=\u00a0\u00bb\/mois\u00a0\u00bb content_background_color=\u00a0\u00bb#f7f7f7&Prime;]<\/p>\n<ul>\n<li style=\"text-align: left;\">Eigener Tisch 2x1m<\/li>\n<li style=\"text-align: left;\">Acc\u00e8s 24h\/24 et 7j\/7<\/li>\n<li style=\"text-align: left;\">Caf\u00e9, th\u00e9 et eau min\u00e9rale inclus<\/li>\n<li style=\"text-align: left;\">Internet haut d\u00e9bit<\/li>\n<li style=\"text-align: left;\">Etag\u00e8re(s)<\/li>\n<li style=\"text-align: left;\">Imprimante laser couleur<\/li>\n<li style=\"text-align: left;\">Monatliche Zahlung*<\/li>\n<li style=\"text-align: left;\">CHF 40.00 en paiement unique<\/li>\n<li style=\"text-align: left;\">Studio photo 100 m\u00b2<\/li>\n<li style=\"text-align: left;\">Lager f\u00fcr Equipment<\/li>\n<\/ul>\n<p><a class=\"own_price_button qbutton price_button\" href=\"#anfrage\">Demandes<\/a>[\/qode_pricing_table][\/qode_pricing_tables][vc_column_text]* Les prix des abonnements FlexDesk,FixDesk &amp; Photo s&rsquo;entendent pour un paiement par virement permanent. Facturation mensuelle de l&rsquo;abonnement + CHF 5.00 par facture. <\/p>\n<h5>Toutes les offres d&rsquo;abonnement en d\u00e9tail : <strong><a href=\"https:\/\/drive.google.com\/file\/d\/1IxPloXtVYzXY7v_Rf45EE8-IZChVRjgW\/view?usp=share_link\" target=\"_blank\" rel=\"noopener\">Coworx_Prestations_fr.PDF<\/a><\/strong><\/h5>\n<p>[\/vc_column_text][\/vc_column][\/vc_row][vc_row row_type=\u00a0\u00bbrow\u00a0\u00bb use_row_as_full_screen_section=\u00a0\u00bbno\u00a0\u00bb type=\u00a0\u00bbfull_width\u00a0\u00bb text_align=\u00a0\u00bbleft\u00a0\u00bb background_animation=\u00a0\u00bbnone\u00a0\u00bb css_animation=\u00a0\u00bb\u00a0\u00bb][vc_column]\n\t\t\t<!-- START Atelier \/COWORX background REVOLUTION SLIDER 6.6.20 --><p class=\"rs-p-wp-fix\"><\/p>\n\t\t\t<rs-module-wrap id=\"rev_slider_13_2_wrapper\" data-source=\"gallery\" style=\"visibility:hidden;background:transparent;padding:0;margin:0px auto;margin-top:0;margin-bottom:0;\">\n\t\t\t\t<rs-module id=\"rev_slider_13_2\" style=\"\" data-version=\"6.6.20\">\n\t\t\t\t\t<rs-slides style=\"overflow: hidden; position: absolute;\">\n\t\t\t\t\t\t<rs-slide style=\"position: absolute;\" data-key=\"rs-18\" data-title=\"Infrastruktur\" data-in=\"o:0;\" data-out=\"a:false;\">\n\t\t\t\t\t\t\t<img decoding=\"async\" src=\"\/\/dev.coworx.ch\/wp-content\/plugins\/revslider\/public\/assets\/assets\/dummy.png\" alt=\"Arbeitstische \/COWORX\" title=\"kontakt-coworx-biel-bienne-scaled\" width=\"2560\" height=\"1920\" class=\"rev-slidebg tp-rs-img rs-lazyload\" data-lazyload=\"\/\/dev.coworx.ch\/wp-content\/uploads\/2025\/01\/kontakt-coworx-biel-bienne-scaled.jpeg\" data-bg=\"p:left bottom;\" data-parallax=\"7\" data-no-retina>\n<!---->\t\t\t\t\t\t<\/rs-slide>\n\t\t\t\t\t<\/rs-slides>\n\t\t\t\t<\/rs-module>\n\t\t\t\t<script>\n\t\t\t\t\tsetREVStartSize({c: 'rev_slider_13_2',rl:[1240,1024,778,480],el:[900,768,960,720],gw:[1240,1024,778,480],gh:[900,768,960,720],type:'standard',justify:'',layout:'fullwidth',mh:\"0\"});if (window.RS_MODULES!==undefined && window.RS_MODULES.modules!==undefined && window.RS_MODULES.modules[\"revslider132\"]!==undefined) {window.RS_MODULES.modules[\"revslider132\"].once = false;window.revapi13 = undefined;if (window.RS_MODULES.checkMinimal!==undefined) window.RS_MODULES.checkMinimal()}\n\t\t\t\t<\/script>\n\t\t\t<\/rs-module-wrap>\n\t\t\t<!-- END REVOLUTION SLIDER -->\n[\/vc_column][\/vc_row][vc_row row_type=\u00a0\u00bbparallax\u00a0\u00bb anchor=\u00a0\u00bbanfrage\u00a0\u00bb text_align=\u00a0\u00bbleft\u00a0\u00bb full_screen_section_height=\u00a0\u00bbno\u00a0\u00bb css=\u00a0\u00bb.vc_custom_1742988981938{padding-top: 60px !important;padding-bottom: 90px !important;}\u00a0\u00bb][vc_column css_animation=\u00a0\u00bbfadeIn\u00a0\u00bb css=\u00a0\u00bb.vc_custom_1580510316800{border-top-width: 60px !important;padding-bottom: 60px !important;}\u00a0\u00bb][vc_column_text]<\/p>\n<h3>Demande<\/h3>\n<h4>Pour quelle offre pouvons-nous vous contacter ?<\/h4>\n<p>[\/vc_column_text][\/vc_column][\/vc_row][vc_row row_type=\u00a0\u00bbrow\u00a0\u00bb use_row_as_full_screen_section=\u00a0\u00bbno\u00a0\u00bb type=\u00a0\u00bbgrid\u00a0\u00bb text_align=\u00a0\u00bbleft\u00a0\u00bb background_animation=\u00a0\u00bbnone\u00a0\u00bb css_animation=\u00a0\u00bb\u00a0\u00bb css=\u00a0\u00bb.vc_custom_1742892004464{margin-bottom: 10px !important;}\u00a0\u00bb][vc_column]\n<div class=\"wpcf7 no-js\" id=\"wpcf7-f1570-o1\" lang=\"de-DE\" dir=\"ltr\" data-wpcf7-id=\"1570\">\n<div class=\"screen-reader-response\"><p role=\"status\" aria-live=\"polite\" aria-atomic=\"true\"><\/p> <ul><\/ul><\/div>\n<form action=\"\/fr\/wp-json\/wp\/v2\/pages\/1525#wpcf7-f1570-o1\" method=\"post\" class=\"wpcf7-form init default\" aria-label=\"Kontaktformular\" novalidate=\"novalidate\" data-status=\"init\">\n<fieldset class=\"hidden-fields-container\"><input type=\"hidden\" name=\"_wpcf7\" value=\"1570\" \/><input type=\"hidden\" name=\"_wpcf7_version\" value=\"6.1.5\" \/><input type=\"hidden\" name=\"_wpcf7_locale\" value=\"de_DE\" \/><input type=\"hidden\" name=\"_wpcf7_unit_tag\" value=\"wpcf7-f1570-o1\" \/><input type=\"hidden\" name=\"_wpcf7_container_post\" value=\"0\" \/><input type=\"hidden\" name=\"_wpcf7_posted_data_hash\" value=\"\" \/><input type=\"hidden\" name=\"_wpcf7_recaptcha_response\" value=\"\" \/>\n<\/fieldset>\n<label> Name\n    <span class=\"wpcf7-form-control-wrap\" data-name=\"your-name\"><input size=\"40\" maxlength=\"400\" class=\"wpcf7-form-control wpcf7-text wpcf7-validates-as-required\" aria-required=\"true\" aria-invalid=\"false\" value=\"\" type=\"text\" name=\"your-name\" \/><\/span> <\/label>\n\n<label> E-Mail\n    <span class=\"wpcf7-form-control-wrap\" data-name=\"your-email\"><input size=\"40\" maxlength=\"400\" class=\"wpcf7-form-control wpcf7-email wpcf7-validates-as-required wpcf7-text wpcf7-validates-as-email\" aria-required=\"true\" aria-invalid=\"false\" value=\"\" type=\"email\" name=\"your-email\" \/><\/span> <\/label>\n\n<label> Telefon-Nr.\n<span class=\"wpcf7-form-control-wrap\" data-name=\"your-tel\"><input size=\"40\" maxlength=\"400\" class=\"wpcf7-form-control wpcf7-tel wpcf7-text wpcf7-validates-as-tel\" aria-invalid=\"false\" value=\"\" type=\"tel\" name=\"your-tel\" \/><\/span> <\/label>\n\n<label> Interesse an:\n<\/label> <br><br>\n\n<span class=\"wpcf7-form-control-wrap\" data-name=\"your-choice\"><span class=\"wpcf7-form-control wpcf7-checkbox wpcf7-validates-as-required\"><span class=\"wpcf7-list-item first\"><label><input type=\"checkbox\" name=\"your-choice[]\" value=\"Abo Daypass\" \/><span class=\"wpcf7-list-item-label\">Abo Daypass<\/span><\/label><\/span><span class=\"wpcf7-list-item\"><label><input type=\"checkbox\" name=\"your-choice[]\" value=\"Abo Flexdesk\" \/><span class=\"wpcf7-list-item-label\">Abo Flexdesk<\/span><\/label><\/span><span class=\"wpcf7-list-item\"><label><input type=\"checkbox\" name=\"your-choice[]\" value=\"Abo Fixdesk\" \/><span class=\"wpcf7-list-item-label\">Abo Fixdesk<\/span><\/label><\/span><span class=\"wpcf7-list-item\"><label><input type=\"checkbox\" name=\"your-choice[]\" value=\"Abo Fotografie\" \/><span class=\"wpcf7-list-item-label\">Abo Fotografie<\/span><\/label><\/span><span class=\"wpcf7-list-item last\"><label><input type=\"checkbox\" name=\"your-choice[]\" value=\"Anderes\" \/><span class=\"wpcf7-list-item-label\">Anderes<\/span><\/label><\/span><\/span><\/span> <br><br>\n\n<label> Bemerkungen\n    <span class=\"wpcf7-form-control-wrap\" data-name=\"your-message\"><textarea cols=\"40\" rows=\"10\" maxlength=\"2000\" class=\"wpcf7-form-control wpcf7-textarea\" aria-invalid=\"false\" name=\"your-message\"><\/textarea><\/span> <\/label>\n\n<input class=\"wpcf7-form-control wpcf7-submit has-spinner\" type=\"submit\" value=\"Senden\" \/><div class=\"wpcf7-response-output\" aria-hidden=\"true\"><\/div>\n<\/form>\n<\/div>\n[\/vc_column][\/vc_row][vc_row row_type=\u00a0\u00bbrow\u00a0\u00bb use_row_as_full_screen_section=\u00a0\u00bbno\u00a0\u00bb type=\u00a0\u00bbfull_width\u00a0\u00bb text_align=\u00a0\u00bbleft\u00a0\u00bb background_animation=\u00a0\u00bbnone\u00a0\u00bb css_animation=\u00a0\u00bb\u00a0\u00bb][vc_column]\n\t\t\t<!-- START Angebot \/COWORX REVOLUTION SLIDER 6.6.20 --><p class=\"rs-p-wp-fix\"><\/p>\n\t\t\t<rs-module-wrap id=\"rev_slider_12_3_wrapper\" data-source=\"gallery\" style=\"visibility:hidden;background:transparent;padding:0;margin:0px auto;margin-top:0;margin-bottom:0;\">\n\t\t\t\t<rs-module id=\"rev_slider_12_3\" style=\"\" data-version=\"6.6.20\">\n\t\t\t\t\t<rs-slides style=\"overflow: hidden; position: absolute;\">\n\t\t\t\t\t\t<rs-slide style=\"position: absolute;\" data-key=\"rs-17\" data-title=\"Infrastruktur\" data-in=\"o:0;\" data-out=\"a:false;\">\n\t\t\t\t\t\t\t<img decoding=\"async\" src=\"\/\/dev.coworx.ch\/wp-content\/plugins\/revslider\/public\/assets\/assets\/dummy.png\" alt=\"Arbeitstische \/COWORX\" title=\"angebot-coworx-biel-bienne-scaled\" class=\"rev-slidebg tp-rs-img rs-lazyload\" data-lazyload=\"\/\/dev.coworx.ch\/wp-content\/uploads\/2025\/01\/angebot-coworx-biel-bienne-scaled.jpg\" data-parallax=\"7\" data-no-retina>\n<!---->\t\t\t\t\t\t<\/rs-slide>\n\t\t\t\t\t<\/rs-slides>\n\t\t\t\t<\/rs-module>\n\t\t\t\t<script>\n\t\t\t\t\tsetREVStartSize({c: 'rev_slider_12_3',rl:[1240,1024,778,480],el:[900,768,960,720],gw:[1240,1024,778,480],gh:[900,768,960,720],type:'standard',justify:'',layout:'fullwidth',mh:\"0\"});if (window.RS_MODULES!==undefined && window.RS_MODULES.modules!==undefined && window.RS_MODULES.modules[\"revslider123\"]!==undefined) {window.RS_MODULES.modules[\"revslider123\"].once = false;window.revapi12 = undefined;if (window.RS_MODULES.checkMinimal!==undefined) window.RS_MODULES.checkMinimal()}\n\t\t\t\t<\/script>\n\t\t\t<\/rs-module-wrap>\n\t\t\t<!-- END REVOLUTION SLIDER -->\n[\/vc_column][\/vc_row][vc_row row_type=\u00a0\u00bbparallax\u00a0\u00bb anchor=\u00a0\u00bbueber\u00a0\u00bb text_align=\u00a0\u00bbleft\u00a0\u00bb full_screen_section_height=\u00a0\u00bbno\u00a0\u00bb css=\u00a0\u00bb.vc_custom_1581201927259{padding-top: 60px !important;padding-bottom: 90px !important;}\u00a0\u00bb][vc_column css_animation=\u00a0\u00bbfadeIn\u00a0\u00bb css=\u00a0\u00bb.vc_custom_1580510316800{border-top-width: 60px !important;padding-bottom: 60px !important;}\u00a0\u00bb][vc_column_text]<\/p>\n<h3 dir=\"auto\" data-heading=\"\u00dcber uns\">Qui nous sommes<\/h3>\n<h4 dir=\"auto\" data-heading=\"COWORX entstand 2010 aus einer Ateliergemeinschaft in einem Fotostudio\">COWORX est n\u00e9 en 2010 d\u2019une communaut\u00e9 d\u2019atelier au sein d\u2019un studio photo.<\/h4>\n<p dir=\"auto\">\u00c0 partir d\u2019un studio photo, d\u2019autres personnes issues de domaines d\u2019activit\u00e9 apparent\u00e9s ou diff\u00e9rents ont progressivement utilis\u00e9 les espaces comme lieu de travail. L\u2019atelier est ainsi devenu aussi un bureau, un lieu d\u2019\u00e9change et une infrastructure partag\u00e9e pour diverses formes de travail. C\u2019est de cette \u00e9volution qu\u2019est n\u00e9 le coworking, que nous avons ensuite appel\u00e9 \/COWORX.  <\/p>\n<p dir=\"auto\">Lorsque la halle industrielle a \u00e9t\u00e9 d\u00e9molie, nous avons d\u00e9m\u00e9nag\u00e9 avec le studio et le coworking dans un vaste local commercial au centre de Bienne. Le choix d\u2019un emplacement central \u00e9tait une d\u00e9cision r\u00e9fl\u00e9chie. Nous appr\u00e9cions la qualit\u00e9 d\u2019un lieu de travail facilement accessible ainsi que le lien direct et vivant avec la ville.  <\/p>\n<p dir=\"auto\">Depuis lors, COWORX est un lieu d\u00e9di\u00e9 au travail ind\u00e9pendant, au partage d\u2019infrastructures et aux \u00e9changes au quotidien \u2014 n\u00e9 de la pratique et toujours marqu\u00e9 par cette origine.<\/p>\n<p>[\/vc_column_text][\/vc_column][\/vc_row][vc_row row_type=\u00a0\u00bbrow\u00a0\u00bb use_row_as_full_screen_section=\u00a0\u00bbno\u00a0\u00bb type=\u00a0\u00bbfull_width\u00a0\u00bb text_align=\u00a0\u00bbleft\u00a0\u00bb background_animation=\u00a0\u00bbnone\u00a0\u00bb css_animation=\u00a0\u00bb\u00a0\u00bb css=\u00a0\u00bb.vc_custom_1739970532160{margin-top: 45px !important;margin-right: 60px !important;margin-bottom: 45px !important;margin-left: 60px !important;}\u00a0\u00bb][vc_column width=\u00a0\u00bb1\/2&Prime;][vc_column_text css=\u00a0\u00bb.vc_custom_1738763064089{margin-top: 27px !important;}\u00a0\u00bb]<\/p>\n<h5 style=\"text-align: center;\"><strong>Stephen Connor<\/strong><\/h5>\n<p style=\"text-align: center;\"><a href=\"https:\/\/www.easton.ch\">Studios Easton<\/a><\/p>\n<p>[\/vc_column_text][\/vc_column][vc_column width=\u00a0\u00bb1\/2&Prime;][vc_column_text css=\u00a0\u00bb.vc_custom_1583833269387{margin-top: 27px !important;}\u00a0\u00bb]<\/p>\n<h5 style=\"text-align: center;\"><strong>Stefan Hofmann<\/strong><\/h5>\n<p style=\"text-align: center;\"><a href=\"https:\/\/ph7.info\">photographie<\/a><\/p>\n<p>[\/vc_column_text][\/vc_column][\/vc_row][vc_row row_type=\u00a0\u00bbrow\u00a0\u00bb use_row_as_full_screen_section=\u00a0\u00bbno\u00a0\u00bb type=\u00a0\u00bbfull_width\u00a0\u00bb text_align=\u00a0\u00bbleft\u00a0\u00bb background_animation=\u00a0\u00bbnone\u00a0\u00bb css_animation=\u00a0\u00bb\u00a0\u00bb css=\u00a0\u00bb.vc_custom_1739970583449{margin-top: 45px !important;margin-right: 60px !important;margin-bottom: 45px !important;margin-left: 60px !important;}\u00a0\u00bb][vc_column width=\u00a0\u00bb1\/2&Prime;][vc_column_text css=\u00a0\u00bb.vc_custom_1581967724496{margin-top: 27px !important;}\u00a0\u00bb]<\/p>\n<h5 style=\"text-align: center;\"><strong>Ben Zurbriggen<\/strong><\/h5>\n<p style=\"text-align: center;\"><a href=\"https:\/\/ben-zurbriggen.ch\" target=\"_blank\" rel=\"noopener noreferrer\" data-darkreader-inline-color=\"\">ben-zurbriggen.ch<\/a><\/p>\n<p>[\/vc_column_text][\/vc_column][vc_column width=\u00a0\u00bb1\/2&Prime;][vc_column_text css=\u00a0\u00bb.vc_custom_1739969018495{margin-top: 27px !important;}\u00a0\u00bb]<\/p>\n<h5 style=\"text-align: center;\"><strong>Marco Aslan<\/strong><\/h5>\n<p style=\"text-align: center;\">Vid\u00e9ographe<\/p>\n<p>[\/vc_column_text][\/vc_column][\/vc_row][vc_row row_type=\u00a0\u00bbrow\u00a0\u00bb use_row_as_full_screen_section=\u00a0\u00bbno\u00a0\u00bb type=\u00a0\u00bbfull_width\u00a0\u00bb text_align=\u00a0\u00bbleft\u00a0\u00bb background_animation=\u00a0\u00bbnone\u00a0\u00bb css_animation=\u00a0\u00bb\u00a0\u00bb css=\u00a0\u00bb.vc_custom_1772126179563{margin-bottom: 90px !important;}\u00a0\u00bb][vc_column]\n\t\t\t<!-- START Kontakt \/COWORX background 1 REVOLUTION SLIDER 6.6.20 --><p class=\"rs-p-wp-fix\"><\/p>\n\t\t\t<rs-module-wrap id=\"rev_slider_14_4_wrapper\" data-source=\"gallery\" style=\"visibility:hidden;background:transparent;padding:0;margin:0px auto;margin-top:0;margin-bottom:0;\">\n\t\t\t\t<rs-module id=\"rev_slider_14_4\" style=\"\" data-version=\"6.6.20\">\n\t\t\t\t\t<rs-slides style=\"overflow: hidden; position: absolute;\">\n\t\t\t\t\t\t<rs-slide style=\"position: absolute;\" data-key=\"rs-19\" data-title=\"Infrastruktur\" data-in=\"o:0;\" data-out=\"a:false;\">\n\t\t\t\t\t\t\t<img decoding=\"async\" src=\"\/\/dev.coworx.ch\/wp-content\/plugins\/revslider\/public\/assets\/assets\/dummy.png\" alt=\"Arbeitstische \/COWORX\" title=\"kontakt-coworx-biel-bienne-7\" width=\"2200\" height=\"1467\" class=\"rev-slidebg tp-rs-img rs-lazyload\" data-lazyload=\"\/\/dev.coworx.ch\/wp-content\/uploads\/2025\/01\/kontakt-coworx-biel-bienne-7.jpg\" data-bg=\"p:center top;\" data-parallax=\"7\" data-no-retina>\n<!---->\t\t\t\t\t\t<\/rs-slide>\n\t\t\t\t\t<\/rs-slides>\n\t\t\t\t<\/rs-module>\n\t\t\t\t<script>\n\t\t\t\t\tsetREVStartSize({c: 'rev_slider_14_4',rl:[1240,1024,778,480],el:[900,768,960,720],gw:[1240,1024,778,480],gh:[900,768,960,720],type:'standard',justify:'',layout:'fullwidth',mh:\"0\"});if (window.RS_MODULES!==undefined && window.RS_MODULES.modules!==undefined && window.RS_MODULES.modules[\"revslider144\"]!==undefined) {window.RS_MODULES.modules[\"revslider144\"].once = false;window.revapi14 = undefined;if (window.RS_MODULES.checkMinimal!==undefined) window.RS_MODULES.checkMinimal()}\n\t\t\t\t<\/script>\n\t\t\t<\/rs-module-wrap>\n\t\t\t<!-- END REVOLUTION SLIDER -->\n[\/vc_column][\/vc_row]<\/p>\n<\/div>","protected":false},"excerpt":{"rendered":"<p>[vc_row row_type=\u00a0\u00bbparallax\u00a0\u00bb anchor=\u00a0\u00bbcoworking\u00a0\u00bb in_content_menu=\u00a0\u00bbin_content_menu\u00a0\u00bb icon_pack=\u00a0\u00bbfont_awesome\u00a0\u00bb content_menu_fa_icon=\u00a0\u00bb\u00a0\u00bb text_align=\u00a0\u00bbleft\u00a0\u00bb full_screen_section_height=\u00a0\u00bbno\u00a0\u00bb css=\u00a0\u00bb.vc_custom_1581453356936{padding-top: 60px !important;padding-bottom: 90px !important;}\u00a0\u00bb][vc_column css_animation=\u00a0\u00bbfadeIn\u00a0\u00bb css=\u00a0\u00bb.vc_custom_1581201954663{padding-top: 60px !important;padding-bottom: 90px !important;}\u00a0\u00bb][vc_column_text] Notre espace Lieu de travail au centre de Bienne L\u2019espace de coworking se situe au centre de Bienne, \u00e0 50 m de la Place Centrale, au&#8230;<\/p>\n","protected":false},"author":4,"featured_media":0,"parent":0,"menu_order":0,"comment_status":"closed","ping_status":"closed","template":"","meta":{"iawp_total_views":134,"footnotes":""},"class_list":["post-1525","page","type-page","status-publish","hentry"],"_links":{"self":[{"href":"http:\/\/dev.coworx.ch\/fr\/wp-json\/wp\/v2\/pages\/1525","targetHints":{"allow":["GET"]}}],"collection":[{"href":"http:\/\/dev.coworx.ch\/fr\/wp-json\/wp\/v2\/pages"}],"about":[{"href":"http:\/\/dev.coworx.ch\/fr\/wp-json\/wp\/v2\/types\/page"}],"author":[{"embeddable":true,"href":"http:\/\/dev.coworx.ch\/fr\/wp-json\/wp\/v2\/users\/4"}],"replies":[{"embeddable":true,"href":"http:\/\/dev.coworx.ch\/fr\/wp-json\/wp\/v2\/comments?post=1525"}],"version-history":[{"count":19,"href":"http:\/\/dev.coworx.ch\/fr\/wp-json\/wp\/v2\/pages\/1525\/revisions"}],"predecessor-version":[{"id":1833,"href":"http:\/\/dev.coworx.ch\/fr\/wp-json\/wp\/v2\/pages\/1525\/revisions\/1833"}],"wp:attachment":[{"href":"http:\/\/dev.coworx.ch\/fr\/wp-json\/wp\/v2\/media?parent=1525"}],"curies":[{"name":"wp","href":"https:\/\/api.w.org\/{rel}","templated":true}]}}